{"id":84,"date":"2022-10-28T08:28:34","date_gmt":"2022-10-28T08:28:34","guid":{"rendered":"https:\/\/sktperfectdemo.com\/themepack\/coachpress\/?page_id=84"},"modified":"2024-09-24T15:49:03","modified_gmt":"2024-09-24T13:49:03","slug":"service","status":"publish","type":"page","link":"https:\/\/www.isabellenussbaum.ch\/en\/service\/","title":{"rendered":"Services"},"content":{"rendered":"<div data-elementor-type=\"wp-page\" data-elementor-id=\"84\" class=\"elementor elementor-84\">\n\t\t\t\t<div class=\"elementor-element elementor-element-0d2ab06 e-flex e-con-boxed e-con e-parent\" data-id=\"0d2ab06\" data-element_type=\"container\">\n\t\t\t\t\t<div class=\"e-con-inner\">\n\t\t\t\t<div class=\"elementor-element elementor-element-9a7168e elementor-widget elementor-widget-heading\" data-id=\"9a7168e\" data-element_type=\"widget\" data-widget_type=\"heading.default\">\n\t\t\t\t<div class=\"elementor-widget-container\">\n\t\t\t<h2 class=\"elementor-heading-title elementor-size-default\">How can I help you?<\/h2>\t\t<\/div>\n\t\t\t\t<\/div>\n\t\t<div class=\"elementor-element elementor-element-376ef50 e-con-full e-flex e-con e-child\" data-id=\"376ef50\" data-element_type=\"container\">\n\t\t\t\t<div class=\"elementor-element elementor-element-16796c5 elementor-widget elementor-widget-text-editor\" data-id=\"16796c5\" data-element_type=\"widget\" data-widget_type=\"text-editor.default\">\n\t\t\t\t<div class=\"elementor-widget-container\">\n\t\t\t\t\t\t\t<p>Are you looking to rediscover yourself? Are you looking for change? Through an alliance with my client, I encourage the emergence of resources and solutions that lie within you.<\/p>\t\t\t\t\t\t<\/div>\n\t\t\t\t<\/div>\n\t\t\t\t<\/div>\n\t\t\t\t\t<\/div>\n\t\t\t\t<\/div>\n\t\t<div class=\"elementor-element elementor-element-62e9e98 e-flex e-con-boxed e-con e-parent\" data-id=\"62e9e98\" data-element_type=\"container\">\n\t\t\t\t\t<div class=\"e-con-inner\">\n\t\t<div class=\"elementor-element elementor-element-4008e86 e-con-full e-flex e-con e-child\" data-id=\"4008e86\" data-element_type=\"container\">\n\t\t\t\t<div class=\"elementor-element elementor-element-49f2752 elementor-position-top elementor-widget elementor-widget-image-box\" data-id=\"49f2752\" data-element_type=\"widget\" data-widget_type=\"image-box.default\">\n\t\t\t\t<div class=\"elementor-widget-container\">\n\t\t\t<div class=\"elementor-image-box-wrapper\"><figure class=\"elementor-image-box-img\"><a href=\"https:\/\/www.isabellenussbaum.ch\/en\/coaching-de-vie\/\" tabindex=\"-1\"><img fetchpriority=\"high\" decoding=\"async\" width=\"370\" height=\"296\" src=\"https:\/\/www.isabellenussbaum.ch\/wp-content\/uploads\/2024\/09\/coach-dev-pers.jpg\" class=\"attachment-full size-full wp-image-29143\" alt=\"\" srcset=\"https:\/\/www.isabellenussbaum.ch\/wp-content\/uploads\/2024\/09\/coach-dev-pers.jpg 370w, https:\/\/www.isabellenussbaum.ch\/wp-content\/uploads\/2024\/09\/coach-dev-pers-300x240.jpg 300w\" sizes=\"(max-width: 370px) 100vw, 370px\" \/><\/a><\/figure><div class=\"elementor-image-box-content\"><h3 class=\"elementor-image-box-title\"><a href=\"https:\/\/www.isabellenussbaum.ch\/en\/coaching-de-vie\/\">Personal Development Coaching<\/a><\/h3><p class=\"elementor-image-box-description\">Through an alliance with my client, I encourage the emergence of resources and solutions that lie within you.<\/p><\/div><\/div>\t\t<\/div>\n\t\t\t\t<\/div>\n\t\t\t\t<\/div>\n\t\t<div class=\"elementor-element elementor-element-974036a e-con-full e-flex e-con e-child\" data-id=\"974036a\" data-element_type=\"container\">\n\t\t\t\t<div class=\"elementor-element elementor-element-6bab9a9 elementor-position-top elementor-widget elementor-widget-image-box\" data-id=\"6bab9a9\" data-element_type=\"widget\" data-widget_type=\"image-box.default\">\n\t\t\t\t<div class=\"elementor-widget-container\">\n\t\t\t<div class=\"elementor-image-box-wrapper\"><figure class=\"elementor-image-box-img\"><a href=\"https:\/\/www.isabellenussbaum.ch\/en\/coaching-en-rh\/\" tabindex=\"-1\"><img decoding=\"async\" width=\"370\" height=\"296\" src=\"https:\/\/www.isabellenussbaum.ch\/wp-content\/uploads\/2024\/09\/coaching-rh.jpg\" class=\"attachment-full size-full wp-image-29212\" alt=\"\" srcset=\"https:\/\/www.isabellenussbaum.ch\/wp-content\/uploads\/2024\/09\/coaching-rh.jpg 370w, https:\/\/www.isabellenussbaum.ch\/wp-content\/uploads\/2024\/09\/coaching-rh-300x240.jpg 300w\" sizes=\"(max-width: 370px) 100vw, 370px\" \/><\/a><\/figure><div class=\"elementor-image-box-content\"><h3 class=\"elementor-image-box-title\"><a href=\"https:\/\/www.isabellenussbaum.ch\/en\/coaching-en-rh\/\">HR Coaching for Individuals<\/a><\/h3><p class=\"elementor-image-box-description\">By developing your skills and clarifying your priorities, you will take the reins of your professional future.<\/p><\/div><\/div>\t\t<\/div>\n\t\t\t\t<\/div>\n\t\t\t\t<\/div>\n\t\t<div class=\"elementor-element elementor-element-0440413 e-con-full e-flex e-con e-child\" data-id=\"0440413\" data-element_type=\"container\">\n\t\t\t\t<div class=\"elementor-element elementor-element-9c2b75e elementor-position-top elementor-widget elementor-widget-image-box\" data-id=\"9c2b75e\" data-element_type=\"widget\" data-widget_type=\"image-box.default\">\n\t\t\t\t<div class=\"elementor-widget-container\">\n\t\t\t<div class=\"elementor-image-box-wrapper\"><figure class=\"elementor-image-box-img\"><a href=\"https:\/\/www.isabellenussbaum.ch\/en\/conseil-en-ressources-humaines\/\" tabindex=\"-1\"><img decoding=\"async\" width=\"370\" height=\"296\" src=\"https:\/\/www.isabellenussbaum.ch\/wp-content\/uploads\/2024\/09\/conseil-rh.jpg\" class=\"attachment-full size-full wp-image-29167\" alt=\"\" srcset=\"https:\/\/www.isabellenussbaum.ch\/wp-content\/uploads\/2024\/09\/conseil-rh.jpg 370w, https:\/\/www.isabellenussbaum.ch\/wp-content\/uploads\/2024\/09\/conseil-rh-300x240.jpg 300w\" sizes=\"(max-width: 370px) 100vw, 370px\" \/><\/a><\/figure><div class=\"elementor-image-box-content\"><h3 class=\"elementor-image-box-title\"><a href=\"https:\/\/www.isabellenussbaum.ch\/en\/conseil-en-ressources-humaines\/\">Human Resources Coaching and Consulting for Companies<\/a><\/h3><p class=\"elementor-image-box-description\">As an HR professional, I support you in your professional and managerial development, so that you can reach your full potential.<\/p><\/div><\/div>\t\t<\/div>\n\t\t\t\t<\/div>\n\t\t\t\t<\/div>\n\t\t<div class=\"elementor-element elementor-element-2002436 e-con-full e-flex e-con e-child\" data-id=\"2002436\" data-element_type=\"container\">\n\t\t\t\t<\/div>\n\t\t<div class=\"elementor-element elementor-element-be47c1f e-con-full e-flex e-con e-child\" data-id=\"be47c1f\" data-element_type=\"container\">\n\t\t\t\t<\/div>\n\t\t<div class=\"elementor-element elementor-element-68e9701 e-con-full e-flex e-con e-child\" data-id=\"68e9701\" data-element_type=\"container\">\n\t\t\t\t<\/div>\n\t\t\t\t\t<\/div>\n\t\t\t\t<\/div>\n\t\t<div class=\"elementor-element elementor-element-11c666e e-flex e-con-boxed e-con e-parent\" data-id=\"11c666e\" data-element_type=\"container\" data-settings=\"{&quot;background_background&quot;:&quot;classic&quot;}\">\n\t\t\t\t\t<div class=\"e-con-inner\">\n\t\t<div class=\"elementor-element elementor-element-cd6d6a1 e-con-full e-flex e-con e-child\" data-id=\"cd6d6a1\" data-element_type=\"container\">\n\t\t\t\t<div class=\"elementor-element elementor-element-8cdc2e9 elementor-widget elementor-widget-heading\" data-id=\"8cdc2e9\" data-element_type=\"widget\" data-widget_type=\"heading.default\">\n\t\t\t\t<div class=\"elementor-widget-container\">\n\t\t\t<h2 class=\"elementor-heading-title elementor-size-default\">Free Trial Session<\/h2>\t\t<\/div>\n\t\t\t\t<\/div>\n\t\t<div class=\"elementor-element elementor-element-6f923d2 e-con-full e-flex e-con e-child\" data-id=\"6f923d2\" data-element_type=\"container\">\n\t\t\t\t<div class=\"elementor-element elementor-element-9fcf00a elementor-widget elementor-widget-text-editor\" data-id=\"9fcf00a\" data-element_type=\"widget\" data-widget_type=\"text-editor.default\">\n\t\t\t\t<div class=\"elementor-widget-container\">\n\t\t\t\t\t\t\t<p>The trial session lasts around 30 minutes. Free and non-binding, it allows us to get to know each other and to set out the coaching framework and answer any questions you may have.<\/p>\t\t\t\t\t\t<\/div>\n\t\t\t\t<\/div>\n\t\t\t\t<\/div>\n\t\t\t\t<\/div>\n\t\t<div class=\"elementor-element elementor-element-e884ad8 e-con-full e-flex e-con e-child\" data-id=\"e884ad8\" data-element_type=\"container\">\n\t\t\t\t<\/div>\n\t\t<div class=\"elementor-element elementor-element-476e24c e-con-full e-flex e-con e-child\" data-id=\"476e24c\" data-element_type=\"container\">\n\t\t\t\t<div class=\"elementor-element elementor-element-6c08e63 elementor-align-center elementor-widget elementor-widget-button\" data-id=\"6c08e63\" data-element_type=\"widget\" data-widget_type=\"button.default\">\n\t\t\t\t<div class=\"elementor-widget-container\">\n\t\t\t\t\t<div class=\"elementor-button-wrapper\">\n\t\t\t<a class=\"elementor-button elementor-button-link elementor-size-sm\" href=\"mailto:coachin@isabellenussbaum.ch\">\n\t\t\t\t\t\t<span class=\"elementor-button-content-wrapper\">\n\t\t\t\t\t\t<span class=\"elementor-button-icon\">\n\t\t\t\t<svg aria-hidden=\"true\" class=\"e-font-icon-svg e-far-envelope\" viewbox=\"0 0 512 512\" xmlns=\"http:\/\/www.w3.org\/2000\/svg\"><path d=\"M464 64H48C21.49 64 0 85.49 0 112v288c0 26.51 21.49 48 48 48h416c26.51 0 48-21.49 48-48V112c0-26.51-21.49-48-48-48zm0 48v40.805c-22.422 18.259-58.168 46.651-134.587 106.49-16.841 13.247-50.201 45.072-73.413 44.701-23.208.375-56.579-31.459-73.413-44.701C106.18 199.465 70.425 171.067 48 152.805V112h416zM48 400V214.398c22.914 18.251 55.409 43.862 104.938 82.646 21.857 17.205 60.134 55.186 103.062 54.955 42.717.231 80.509-37.199 103.053-54.947 49.528-38.783 82.032-64.401 104.947-82.653V400H48z\"><\/path><\/svg>\t\t\t<\/span>\n\t\t\t\t\t\t\t\t\t<span class=\"elementor-button-text\">Register now<\/span>\n\t\t\t\t\t<\/span>\n\t\t\t\t\t<\/a>\n\t\t<\/div>\n\t\t\t\t<\/div>\n\t\t\t\t<\/div>\n\t\t\t\t<\/div>\n\t\t\t\t\t<\/div>\n\t\t\t\t<\/div>\n\t\t\t\t<\/div>","protected":false},"excerpt":{"rendered":"<p>Comment puis-je vous aider ? Envie de vous d\u00e9couvrir ? Envie de changements ? Je m\u2019engage par une alliance avec mon client \u00e0 favoriser l\u2019\u00e9mergence de ressources et de solutions qui r\u00e9sident en vous. Coaching en d\u00e9veloppement personnel Je m\u2019engage par une alliance avec mon client \u00e0 favoriser l\u2019\u00e9mergence de ressources et de solutions qui<br \/><a class=\"moretag\" href=\"https:\/\/www.isabellenussbaum.ch\/en\/service\/\">+ Read More<\/a><\/p>","protected":false},"author":1,"featured_media":0,"parent":0,"menu_order":0,"comment_status":"closed","ping_status":"closed","template":"templates\/page-builder.php","meta":{"om_disable_all_campaigns":false,"_monsterinsights_skip_tracking":false,"_monsterinsights_sitenote_active":false,"_monsterinsights_sitenote_note":"","_monsterinsights_sitenote_category":0,"_uf_show_specific_survey":0,"_uf_disable_surveys":false,"footnotes":""},"class_list":["post-84","page","type-page","status-publish","hentry"],"aioseo_notices":[],"_links":{"self":[{"href":"https:\/\/www.isabellenussbaum.ch\/en\/wp-json\/wp\/v2\/pages\/84","targetHints":{"allow":["GET"]}}],"collection":[{"href":"https:\/\/www.isabellenussbaum.ch\/en\/wp-json\/wp\/v2\/pages"}],"about":[{"href":"https:\/\/www.isabellenussbaum.ch\/en\/wp-json\/wp\/v2\/types\/page"}],"author":[{"embeddable":true,"href":"https:\/\/www.isabellenussbaum.ch\/en\/wp-json\/wp\/v2\/users\/1"}],"replies":[{"embeddable":true,"href":"https:\/\/www.isabellenussbaum.ch\/en\/wp-json\/wp\/v2\/comments?post=84"}],"version-history":[{"count":36,"href":"https:\/\/www.isabellenussbaum.ch\/en\/wp-json\/wp\/v2\/pages\/84\/revisions"}],"predecessor-version":[{"id":29215,"href":"https:\/\/www.isabellenussbaum.ch\/en\/wp-json\/wp\/v2\/pages\/84\/revisions\/29215"}],"wp:attachment":[{"href":"https:\/\/www.isabellenussbaum.ch\/en\/wp-json\/wp\/v2\/media?parent=84"}],"curies":[{"name":"wp","href":"https:\/\/api.w.org\/{rel}","templated":true}]}}