{"id":73,"date":"2022-10-28T08:25:05","date_gmt":"2022-10-28T08:25:05","guid":{"rendered":"https:\/\/sktperfectdemo.com\/themepack\/coachpress\/?page_id=73"},"modified":"2024-09-24T16:49:17","modified_gmt":"2024-09-24T14:49:17","slug":"about-us","status":"publish","type":"page","link":"https:\/\/www.isabellenussbaum.ch\/en\/about-us\/","title":{"rendered":"About"},"content":{"rendered":"<div data-elementor-type=\"wp-page\" data-elementor-id=\"73\" class=\"elementor elementor-73\">\n\t\t\t\t\t\t<section class=\"elementor-section elementor-top-section elementor-element elementor-element-1455b68e elementor-section-boxed elementor-section-height-default elementor-section-height-default\" data-id=\"1455b68e\" data-element_type=\"section\">\n\t\t\t\t\t\t<div class=\"elementor-container elementor-column-gap-default\">\n\t\t\t\t\t<div class=\"elementor-column elementor-col-33 elementor-top-column elementor-element elementor-element-6e9dc\" data-id=\"6e9dc\" data-element_type=\"column\">\n\t\t\t<div class=\"elementor-widget-wrap elementor-element-populated\">\n\t\t\t\t\t\t<div class=\"elementor-element elementor-element-2752cffc elementor-widget elementor-widget-heading\" data-id=\"2752cffc\" data-element_type=\"widget\" data-widget_type=\"heading.default\">\n\t\t\t\t<div class=\"elementor-widget-container\">\n\t\t\t<h2 class=\"elementor-heading-title elementor-size-default\">Personal Development and Career Coach<\/h2>\t\t<\/div>\n\t\t\t\t<\/div>\n\t\t\t\t<div class=\"elementor-element elementor-element-1f05e8a1 elementor-widget elementor-widget-heading\" data-id=\"1f05e8a1\" data-element_type=\"widget\" data-widget_type=\"heading.default\">\n\t\t\t\t<div class=\"elementor-widget-container\">\n\t\t\t<h2 class=\"elementor-heading-title elementor-size-default\">Isabelle Nussbaum<\/h2>\t\t<\/div>\n\t\t\t\t<\/div>\n\t\t\t\t<div class=\"elementor-element elementor-element-79f877fa elementor-widget elementor-widget-text-editor\" data-id=\"79f877fa\" data-element_type=\"widget\" data-widget_type=\"text-editor.default\">\n\t\t\t\t<div class=\"elementor-widget-container\">\n\t\t\t\t\t\t\t<p>Seeking to immerse myself in creativity and emotions, I first worked in the creative departments of advertising agencies, where image, sound, touch, color, texture and smell were all part of my daily routine.&nbsp;<\/p>\n<p>After my pregnancies, I turned my attention more specifically to other emotions - HUMAN EMOTIONS - and decided to undertake and complete various advanced training courses in Human Resources. My last position as HR Director opened my eyes to the fact that, after the pandemic and with a new generation of workers on the job market, people have developed new needs: to focus on their mental health, to understand themselves and those around them, to listen to themselves and others, to work on their resilience and acceptance of themselves and others.<\/p>\t\t\t\t\t\t<\/div>\n\t\t\t\t<\/div>\n\t\t\t\t<div class=\"elementor-element elementor-element-56709f24 elementor-widget elementor-widget-text-editor\" data-id=\"56709f24\" data-element_type=\"widget\" data-widget_type=\"text-editor.default\">\n\t\t\t\t<div class=\"elementor-widget-container\">\n\t\t\t\t\t\t\t<p>It has been two years since I trained, first as an NLP technician, then at the Institut de Coaching in Geneva as a certified professional coach. I continue to train in different techniques to consolidate my approach to coaching.\u00a0<\/p>\t\t\t\t\t\t<\/div>\n\t\t\t\t<\/div>\n\t\t\t\t\t<\/div>\n\t\t<\/div>\n\t\t\t\t<div class=\"elementor-column elementor-col-33 elementor-top-column elementor-element elementor-element-51f3ca03\" data-id=\"51f3ca03\" data-element_type=\"column\">\n\t\t\t<div class=\"elementor-widget-wrap\">\n\t\t\t\t\t\t\t<\/div>\n\t\t<\/div>\n\t\t\t\t<div class=\"elementor-column elementor-col-33 elementor-top-column elementor-element elementor-element-122913d2\" data-id=\"122913d2\" data-element_type=\"column\">\n\t\t\t<div class=\"elementor-widget-wrap elementor-element-populated\">\n\t\t\t\t\t\t<div class=\"elementor-element elementor-element-25ed1c24 elementor-widget elementor-widget-image\" data-id=\"25ed1c24\" data-element_type=\"widget\" data-widget_type=\"image.default\">\n\t\t\t\t<div class=\"elementor-widget-container\">\n\t\t\t\t\t\t\t\t\t\t\t\t\t<img fetchpriority=\"high\" decoding=\"async\" width=\"531\" height=\"650\" src=\"https:\/\/www.isabellenussbaum.ch\/wp-content\/uploads\/2024\/09\/isabelle-nussbaum.jpg\" class=\"attachment-full size-full wp-image-29126\" alt=\"\" srcset=\"https:\/\/www.isabellenussbaum.ch\/wp-content\/uploads\/2024\/09\/isabelle-nussbaum.jpg 531w, https:\/\/www.isabellenussbaum.ch\/wp-content\/uploads\/2024\/09\/isabelle-nussbaum-245x300.jpg 245w\" sizes=\"(max-width: 531px) 100vw, 531px\" \/>\t\t\t\t\t\t\t\t\t\t\t\t\t<\/div>\n\t\t\t\t<\/div>\n\t\t\t\t<div class=\"elementor-element elementor-element-daeb75c elementor-widget elementor-widget-image-carousel\" data-id=\"daeb75c\" data-element_type=\"widget\" data-settings=\"{&quot;slides_to_show&quot;:&quot;3&quot;,&quot;navigation&quot;:&quot;none&quot;,&quot;autoplay&quot;:&quot;yes&quot;,&quot;pause_on_hover&quot;:&quot;yes&quot;,&quot;pause_on_interaction&quot;:&quot;yes&quot;,&quot;autoplay_speed&quot;:5000,&quot;infinite&quot;:&quot;yes&quot;,&quot;speed&quot;:500}\" data-widget_type=\"image-carousel.default\">\n\t\t\t\t<div class=\"elementor-widget-container\">\n\t\t\t\t\t<div class=\"elementor-image-carousel-wrapper swiper\" dir=\"ltr\">\n\t\t\t<div class=\"elementor-image-carousel swiper-wrapper\" aria-live=\"off\">\n\t\t\t\t\t\t\t\t<div class=\"swiper-slide\" role=\"group\" aria-roledescription=\"slide\" aria-label=\"1 sur 5\" data-no-translation-aria-label=\"\"><figure class=\"swiper-slide-inner\"><img decoding=\"async\" class=\"swiper-slide-image\" src=\"https:\/\/www.isabellenussbaum.ch\/wp-content\/uploads\/2024\/09\/ICF-150x150.jpg\" alt=\"ICF\" \/><\/figure><\/div><div class=\"swiper-slide\" role=\"group\" aria-roledescription=\"slide\" aria-label=\"2 sur 5\" data-no-translation-aria-label=\"\"><figure class=\"swiper-slide-inner\"><img decoding=\"async\" class=\"swiper-slide-image\" src=\"https:\/\/www.isabellenussbaum.ch\/wp-content\/uploads\/2024\/09\/IDC-Logo-Institute-Color-150x150.png\" alt=\"IDC-Logo-Institute-Color\" \/><\/figure><\/div><div class=\"swiper-slide\" role=\"group\" aria-roledescription=\"slide\" aria-label=\"3 sur 5\" data-no-translation-aria-label=\"\"><figure class=\"swiper-slide-inner\"><img decoding=\"async\" class=\"swiper-slide-image\" src=\"https:\/\/www.isabellenussbaum.ch\/wp-content\/uploads\/2024\/09\/eduqua_logo-150x150.jpg\" alt=\"eduqua_logo\" \/><\/figure><\/div><div class=\"swiper-slide\" role=\"group\" aria-roledescription=\"slide\" aria-label=\"4 sur 5\" data-no-translation-aria-label=\"\"><figure class=\"swiper-slide-inner\"><img decoding=\"async\" class=\"swiper-slide-image\" src=\"https:\/\/www.isabellenussbaum.ch\/wp-content\/uploads\/2024\/09\/Graines-deveil2.jpg\" alt=\"Graines-d&#039;\u00e9veil2\" \/><\/figure><\/div><div class=\"swiper-slide\" role=\"group\" aria-roledescription=\"slide\" aria-label=\"5 sur 5\" data-no-translation-aria-label=\"\"><figure class=\"swiper-slide-inner\"><img decoding=\"async\" class=\"swiper-slide-image\" src=\"https:\/\/www.isabellenussbaum.ch\/wp-content\/uploads\/2024\/09\/ORSYS.jpg\" alt=\"ORSYS\" \/><\/figure><\/div>\t\t\t<\/div>\n\t\t\t\t\t\t\t\n\t\t\t\t\t\t\t\t\t<\/div>\n\t\t\t\t<\/div>\n\t\t\t\t<\/div>\n\t\t\t\t\t<\/div>\n\t\t<\/div>\n\t\t\t\t\t<\/div>\n\t\t<\/section>\n\t\t\t\t<\/div>","protected":false},"excerpt":{"rendered":"<p>Coach de d\u00e9veloppement personnel et de carri\u00e8re Isabelle Nussbaum Cherchant \u00e0 baigner dans la cr\u00e9ativit\u00e9 et les \u00e9motions, j\u2019ai d\u2019abord travaill\u00e9 dans les d\u00e9partements cr\u00e9ation d\u2019agences de publicit\u00e9, o\u00f9 l\u2019image, le son, le toucher, les couleurs, les textures, les odeurs faisaient tous partie de mon quotidien.&nbsp; Apr\u00e8s mes maternit\u00e9s, je me suis tourn\u00e9e plus pr\u00e9cis\u00e9ment<br \/><a class=\"moretag\" href=\"https:\/\/www.isabellenussbaum.ch\/en\/about-us\/\">+ Read More<\/a><\/p>","protected":false},"author":1,"featured_media":0,"parent":0,"menu_order":0,"comment_status":"closed","ping_status":"closed","template":"templates\/page-builder.php","meta":{"om_disable_all_campaigns":false,"_monsterinsights_skip_tracking":false,"_monsterinsights_sitenote_active":false,"_monsterinsights_sitenote_note":"","_monsterinsights_sitenote_category":0,"_uf_show_specific_survey":0,"_uf_disable_surveys":false,"footnotes":""},"class_list":["post-73","page","type-page","status-publish","hentry"],"aioseo_notices":[],"_links":{"self":[{"href":"https:\/\/www.isabellenussbaum.ch\/en\/wp-json\/wp\/v2\/pages\/73","targetHints":{"allow":["GET"]}}],"collection":[{"href":"https:\/\/www.isabellenussbaum.ch\/en\/wp-json\/wp\/v2\/pages"}],"about":[{"href":"https:\/\/www.isabellenussbaum.ch\/en\/wp-json\/wp\/v2\/types\/page"}],"author":[{"embeddable":true,"href":"https:\/\/www.isabellenussbaum.ch\/en\/wp-json\/wp\/v2\/users\/1"}],"replies":[{"embeddable":true,"href":"https:\/\/www.isabellenussbaum.ch\/en\/wp-json\/wp\/v2\/comments?post=73"}],"version-history":[{"count":34,"href":"https:\/\/www.isabellenussbaum.ch\/en\/wp-json\/wp\/v2\/pages\/73\/revisions"}],"predecessor-version":[{"id":29227,"href":"https:\/\/www.isabellenussbaum.ch\/en\/wp-json\/wp\/v2\/pages\/73\/revisions\/29227"}],"wp:attachment":[{"href":"https:\/\/www.isabellenussbaum.ch\/en\/wp-json\/wp\/v2\/media?parent=73"}],"curies":[{"name":"wp","href":"https:\/\/api.w.org\/{rel}","templated":true}]}}