{"id":73,"date":"2022-10-28T08:25:05","date_gmt":"2022-10-28T08:25:05","guid":{"rendered":"https:\/\/sktperfectdemo.com\/themepack\/coachpress\/?page_id=73"},"modified":"2024-09-24T16:49:17","modified_gmt":"2024-09-24T14:49:17","slug":"about-us","status":"publish","type":"page","link":"https:\/\/www.isabellenussbaum.ch\/de\/about-us\/","title":{"rendered":"A propos"},"content":{"rendered":"<div data-elementor-type=\"wp-page\" data-elementor-id=\"73\" class=\"elementor elementor-73\">\n\t\t\t\t\t\t<section class=\"elementor-section elementor-top-section elementor-element elementor-element-1455b68e elementor-section-boxed elementor-section-height-default elementor-section-height-default\" data-id=\"1455b68e\" data-element_type=\"section\">\n\t\t\t\t\t\t<div class=\"elementor-container elementor-column-gap-default\">\n\t\t\t\t\t<div class=\"elementor-column elementor-col-33 elementor-top-column elementor-element elementor-element-6e9dc\" data-id=\"6e9dc\" data-element_type=\"column\">\n\t\t\t<div class=\"elementor-widget-wrap elementor-element-populated\">\n\t\t\t\t\t\t<div class=\"elementor-element elementor-element-2752cffc elementor-widget elementor-widget-heading\" data-id=\"2752cffc\" data-element_type=\"widget\" data-widget_type=\"heading.default\">\n\t\t\t\t<div class=\"elementor-widget-container\">\n\t\t\t<h2 class=\"elementor-heading-title elementor-size-default\">Coach f\u00fcr die pers\u00f6nliche und berufliche Entwicklung<\/h2>\t\t<\/div>\n\t\t\t\t<\/div>\n\t\t\t\t<div class=\"elementor-element elementor-element-1f05e8a1 elementor-widget elementor-widget-heading\" data-id=\"1f05e8a1\" data-element_type=\"widget\" data-widget_type=\"heading.default\">\n\t\t\t\t<div class=\"elementor-widget-container\">\n\t\t\t<h2 class=\"elementor-heading-title elementor-size-default\">Isabelle Nussbaum<\/h2>\t\t<\/div>\n\t\t\t\t<\/div>\n\t\t\t\t<div class=\"elementor-element elementor-element-79f877fa elementor-widget elementor-widget-text-editor\" data-id=\"79f877fa\" data-element_type=\"widget\" data-widget_type=\"text-editor.default\">\n\t\t\t\t<div class=\"elementor-widget-container\">\n\t\t\t\t\t\t\t<p>Auf der Suche nach Kreativit\u00e4t und Emotionen habe ich zun\u00e4chst in den Kreativabteilungen von Werbeagenturen gearbeitet, wo Bilder, T\u00f6ne, Ber\u00fchrungen, Farben, Texturen und Ger\u00fcche zu meinem Alltag geh\u00f6rten.&nbsp;<\/p>\n<p>Nach meinen Mutterschaften wandte ich mich anderen Emotionen und dem Wichtigsten zu: DEN MENSCHEN. Ich beschloss, eine umfassende Ausbildung im Bereich Personalwesen zu absolvieren. Meine letzte Stelle als Personalleiterin hat mir gezeigt, dass die Menschen nach der Pandemie und mit einer neuen Generation von Arbeitnehmern auf dem Arbeitsmarkt neue Bed\u00fcrfnisse entwickelt haben: sich auf ihre psychische Gesundheit konzentrieren, sich selbst und die Menschen um sich herum verstehen, sich selbst und anderen zuh\u00f6ren, an ihrer Resilienz arbeiten und sich selbst und andere akzeptieren.<\/p>\t\t\t\t\t\t<\/div>\n\t\t\t\t<\/div>\n\t\t\t\t<div class=\"elementor-element elementor-element-56709f24 elementor-widget elementor-widget-text-editor\" data-id=\"56709f24\" data-element_type=\"widget\" data-widget_type=\"text-editor.default\">\n\t\t\t\t<div class=\"elementor-widget-container\">\n\t\t\t\t\t\t\t<p>Es ist zwei Jahre her, dass ich mich weitergebildet habe, zuerst als NLP-Technikerin, dann am Coaching-Institut in Genf als zertifizierter professioneller Coach. Ich bilde mich fortlaufend in verschiedenen Coaching Techniken weiter um Sie bestens zu unterst\u00fctzen.\u00a0<\/p>\t\t\t\t\t\t<\/div>\n\t\t\t\t<\/div>\n\t\t\t\t\t<\/div>\n\t\t<\/div>\n\t\t\t\t<div class=\"elementor-column elementor-col-33 elementor-top-column elementor-element elementor-element-51f3ca03\" data-id=\"51f3ca03\" data-element_type=\"column\">\n\t\t\t<div class=\"elementor-widget-wrap\">\n\t\t\t\t\t\t\t<\/div>\n\t\t<\/div>\n\t\t\t\t<div class=\"elementor-column elementor-col-33 elementor-top-column elementor-element elementor-element-122913d2\" data-id=\"122913d2\" data-element_type=\"column\">\n\t\t\t<div class=\"elementor-widget-wrap elementor-element-populated\">\n\t\t\t\t\t\t<div class=\"elementor-element elementor-element-25ed1c24 elementor-widget elementor-widget-image\" data-id=\"25ed1c24\" data-element_type=\"widget\" data-widget_type=\"image.default\">\n\t\t\t\t<div class=\"elementor-widget-container\">\n\t\t\t\t\t\t\t\t\t\t\t\t\t<img fetchpriority=\"high\" decoding=\"async\" width=\"531\" height=\"650\" src=\"https:\/\/www.isabellenussbaum.ch\/wp-content\/uploads\/2024\/09\/isabelle-nussbaum.jpg\" class=\"attachment-full size-full wp-image-29126\" alt=\"\" srcset=\"https:\/\/www.isabellenussbaum.ch\/wp-content\/uploads\/2024\/09\/isabelle-nussbaum.jpg 531w, https:\/\/www.isabellenussbaum.ch\/wp-content\/uploads\/2024\/09\/isabelle-nussbaum-245x300.jpg 245w\" sizes=\"(max-width: 531px) 100vw, 531px\" \/>\t\t\t\t\t\t\t\t\t\t\t\t\t<\/div>\n\t\t\t\t<\/div>\n\t\t\t\t<div class=\"elementor-element elementor-element-daeb75c elementor-widget elementor-widget-image-carousel\" data-id=\"daeb75c\" data-element_type=\"widget\" data-settings=\"{&quot;slides_to_show&quot;:&quot;3&quot;,&quot;navigation&quot;:&quot;none&quot;,&quot;autoplay&quot;:&quot;yes&quot;,&quot;pause_on_hover&quot;:&quot;yes&quot;,&quot;pause_on_interaction&quot;:&quot;yes&quot;,&quot;autoplay_speed&quot;:5000,&quot;infinite&quot;:&quot;yes&quot;,&quot;speed&quot;:500}\" data-widget_type=\"image-carousel.default\">\n\t\t\t\t<div class=\"elementor-widget-container\">\n\t\t\t\t\t<div class=\"elementor-image-carousel-wrapper swiper\" dir=\"ltr\">\n\t\t\t<div class=\"elementor-image-carousel swiper-wrapper\" aria-live=\"off\">\n\t\t\t\t\t\t\t\t<div class=\"swiper-slide\" role=\"group\" aria-roledescription=\"slide\" aria-label=\"1 sur 5\" data-no-translation-aria-label=\"\"><figure class=\"swiper-slide-inner\"><img decoding=\"async\" class=\"swiper-slide-image\" src=\"https:\/\/www.isabellenussbaum.ch\/wp-content\/uploads\/2024\/09\/ICF-150x150.jpg\" alt=\"ICF\" \/><\/figure><\/div><div class=\"swiper-slide\" role=\"group\" aria-roledescription=\"slide\" aria-label=\"2 sur 5\" data-no-translation-aria-label=\"\"><figure class=\"swiper-slide-inner\"><img decoding=\"async\" class=\"swiper-slide-image\" src=\"https:\/\/www.isabellenussbaum.ch\/wp-content\/uploads\/2024\/09\/IDC-Logo-Institute-Color-150x150.png\" alt=\"IDC-Logo-Institute-Color\" \/><\/figure><\/div><div class=\"swiper-slide\" role=\"group\" aria-roledescription=\"slide\" aria-label=\"3 sur 5\" data-no-translation-aria-label=\"\"><figure class=\"swiper-slide-inner\"><img decoding=\"async\" class=\"swiper-slide-image\" src=\"https:\/\/www.isabellenussbaum.ch\/wp-content\/uploads\/2024\/09\/eduqua_logo-150x150.jpg\" alt=\"eduqua_logo\" \/><\/figure><\/div><div class=\"swiper-slide\" role=\"group\" aria-roledescription=\"slide\" aria-label=\"4 sur 5\" data-no-translation-aria-label=\"\"><figure class=\"swiper-slide-inner\"><img decoding=\"async\" class=\"swiper-slide-image\" src=\"https:\/\/www.isabellenussbaum.ch\/wp-content\/uploads\/2024\/09\/Graines-deveil2.jpg\" alt=\"Graines-d&#039;\u00e9veil2\" \/><\/figure><\/div><div class=\"swiper-slide\" role=\"group\" aria-roledescription=\"slide\" aria-label=\"5 sur 5\" data-no-translation-aria-label=\"\"><figure class=\"swiper-slide-inner\"><img decoding=\"async\" class=\"swiper-slide-image\" src=\"https:\/\/www.isabellenussbaum.ch\/wp-content\/uploads\/2024\/09\/ORSYS.jpg\" alt=\"ORSYS\" \/><\/figure><\/div>\t\t\t<\/div>\n\t\t\t\t\t\t\t\n\t\t\t\t\t\t\t\t\t<\/div>\n\t\t\t\t<\/div>\n\t\t\t\t<\/div>\n\t\t\t\t\t<\/div>\n\t\t<\/div>\n\t\t\t\t\t<\/div>\n\t\t<\/section>\n\t\t\t\t<\/div>","protected":false},"excerpt":{"rendered":"<p>Coach de d\u00e9veloppement personnel et de carri\u00e8re Isabelle Nussbaum Cherchant \u00e0 baigner dans la cr\u00e9ativit\u00e9 et les \u00e9motions, j\u2019ai d\u2019abord travaill\u00e9 dans les d\u00e9partements cr\u00e9ation d\u2019agences de publicit\u00e9, o\u00f9 l\u2019image, le son, le toucher, les couleurs, les textures, les odeurs faisaient tous partie de mon quotidien.&nbsp; Apr\u00e8s mes maternit\u00e9s, je me suis tourn\u00e9e plus pr\u00e9cis\u00e9ment<br \/><a class=\"moretag\" href=\"https:\/\/www.isabellenussbaum.ch\/de\/about-us\/\">+ Read More<\/a><\/p>","protected":false},"author":1,"featured_media":0,"parent":0,"menu_order":0,"comment_status":"closed","ping_status":"closed","template":"templates\/page-builder.php","meta":{"om_disable_all_campaigns":false,"_monsterinsights_skip_tracking":false,"_monsterinsights_sitenote_active":false,"_monsterinsights_sitenote_note":"","_monsterinsights_sitenote_category":0,"_uf_show_specific_survey":0,"_uf_disable_surveys":false,"footnotes":""},"class_list":["post-73","page","type-page","status-publish","hentry"],"aioseo_notices":[],"_links":{"self":[{"href":"https:\/\/www.isabellenussbaum.ch\/de\/wp-json\/wp\/v2\/pages\/73","targetHints":{"allow":["GET"]}}],"collection":[{"href":"https:\/\/www.isabellenussbaum.ch\/de\/wp-json\/wp\/v2\/pages"}],"about":[{"href":"https:\/\/www.isabellenussbaum.ch\/de\/wp-json\/wp\/v2\/types\/page"}],"author":[{"embeddable":true,"href":"https:\/\/www.isabellenussbaum.ch\/de\/wp-json\/wp\/v2\/users\/1"}],"replies":[{"embeddable":true,"href":"https:\/\/www.isabellenussbaum.ch\/de\/wp-json\/wp\/v2\/comments?post=73"}],"version-history":[{"count":34,"href":"https:\/\/www.isabellenussbaum.ch\/de\/wp-json\/wp\/v2\/pages\/73\/revisions"}],"predecessor-version":[{"id":29227,"href":"https:\/\/www.isabellenussbaum.ch\/de\/wp-json\/wp\/v2\/pages\/73\/revisions\/29227"}],"wp:attachment":[{"href":"https:\/\/www.isabellenussbaum.ch\/de\/wp-json\/wp\/v2\/media?parent=73"}],"curies":[{"name":"wp","href":"https:\/\/api.w.org\/{rel}","templated":true}]}}