{"id":7,"date":"2022-10-28T07:07:47","date_gmt":"2022-10-28T07:07:47","guid":{"rendered":"https:\/\/sktperfectdemo.com\/themepack\/coachpress\/?page_id=7"},"modified":"2024-10-01T14:47:13","modified_gmt":"2024-10-01T12:47:13","slug":"home-2","status":"publish","type":"page","link":"https:\/\/www.isabellenussbaum.ch\/de\/","title":{"rendered":"Home"},"content":{"rendered":"<div data-elementor-type=\"wp-page\" data-elementor-id=\"7\" class=\"elementor elementor-7\">\n\t\t\t\t\t\t<section class=\"elementor-section elementor-top-section elementor-element elementor-element-34d3ac1f coachpress-section1 elementor-section-boxed elementor-section-height-default elementor-section-height-default\" data-id=\"34d3ac1f\" data-element_type=\"section\" data-settings=\"{&quot;background_background&quot;:&quot;classic&quot;}\">\n\t\t\t\t\t\t<div class=\"elementor-container elementor-column-gap-default\">\n\t\t\t\t\t<div class=\"elementor-column elementor-col-50 elementor-top-column elementor-element elementor-element-52857f14 coachpress-section1-left\" data-id=\"52857f14\" data-element_type=\"column\">\n\t\t\t<div class=\"elementor-widget-wrap elementor-element-populated\">\n\t\t\t\t\t\t<div class=\"elementor-element elementor-element-4d4d77f9 elementor-widget elementor-widget-heading\" data-id=\"4d4d77f9\" data-element_type=\"widget\" data-widget_type=\"heading.default\">\n\t\t\t\t<div class=\"elementor-widget-container\">\n\t\t\t<h2 class=\"elementor-heading-title elementor-size-default\">Kostenlose Schnuppersitzung<\/h2>\t\t<\/div>\n\t\t\t\t<\/div>\n\t\t\t\t<div class=\"elementor-element elementor-element-20067d6b elementor-widget elementor-widget-text-editor\" data-id=\"20067d6b\" data-element_type=\"widget\" data-widget_type=\"text-editor.default\">\n\t\t\t\t<div class=\"elementor-widget-container\">\n\t\t\t\t\t\t\t<p>Die Schnuppersitzung dauert etwa 30 Minuten. Sie ist kostenlos und unverbindlich und erm\u00f6glicht es, uns kennenzulernen, den Rahmen des Coachings abzustecken und Ihre Fragen zu beantworten.<\/p>\t\t\t\t\t\t<\/div>\n\t\t\t\t<\/div>\n\t\t\t\t\t<\/div>\n\t\t<\/div>\n\t\t\t\t<div class=\"elementor-column elementor-col-50 elementor-top-column elementor-element elementor-element-66664580 coachpress-section1-mid\" data-id=\"66664580\" data-element_type=\"column\">\n\t\t\t<div class=\"elementor-widget-wrap elementor-element-populated\">\n\t\t\t\t\t\t<div class=\"elementor-element elementor-element-26af846 elementor-align-center elementor-widget__width-initial elementor-widget elementor-widget-button\" data-id=\"26af846\" data-element_type=\"widget\" data-widget_type=\"button.default\">\n\t\t\t\t<div class=\"elementor-widget-container\">\n\t\t\t\t\t<div class=\"elementor-button-wrapper\">\n\t\t\t<a class=\"elementor-button elementor-button-link elementor-size-sm\" href=\"mailto:coachin@isabellenussbaum.ch\" target=\"_blank\">\n\t\t\t\t\t\t<span class=\"elementor-button-content-wrapper\">\n\t\t\t\t\t\t<span class=\"elementor-button-icon\">\n\t\t\t\t<svg aria-hidden=\"true\" class=\"e-font-icon-svg e-far-envelope\" viewbox=\"0 0 512 512\" xmlns=\"http:\/\/www.w3.org\/2000\/svg\"><path d=\"M464 64H48C21.49 64 0 85.49 0 112v288c0 26.51 21.49 48 48 48h416c26.51 0 48-21.49 48-48V112c0-26.51-21.49-48-48-48zm0 48v40.805c-22.422 18.259-58.168 46.651-134.587 106.49-16.841 13.247-50.201 45.072-73.413 44.701-23.208.375-56.579-31.459-73.413-44.701C106.18 199.465 70.425 171.067 48 152.805V112h416zM48 400V214.398c22.914 18.251 55.409 43.862 104.938 82.646 21.857 17.205 60.134 55.186 103.062 54.955 42.717.231 80.509-37.199 103.053-54.947 49.528-38.783 82.032-64.401 104.947-82.653V400H48z\"><\/path><\/svg>\t\t\t<\/span>\n\t\t\t\t\t\t\t\t\t<span class=\"elementor-button-text\">Schreiben Sie mir<\/span>\n\t\t\t\t\t<\/span>\n\t\t\t\t\t<\/a>\n\t\t<\/div>\n\t\t\t\t<\/div>\n\t\t\t\t<\/div>\n\t\t\t\t\t<\/div>\n\t\t<\/div>\n\t\t\t\t\t<\/div>\n\t\t<\/section>\n\t\t\t\t<section class=\"elementor-section elementor-top-section elementor-element elementor-element-68784a74 coachpress-section2 elementor-section-boxed elementor-section-height-default elementor-section-height-default\" data-id=\"68784a74\" data-element_type=\"section\" data-settings=\"{&quot;background_background&quot;:&quot;classic&quot;}\">\n\t\t\t\t\t\t<div class=\"elementor-container elementor-column-gap-default\">\n\t\t\t\t\t<div class=\"elementor-column elementor-col-100 elementor-top-column elementor-element elementor-element-690d6f3d coachpress-section2-mid\" data-id=\"690d6f3d\" data-element_type=\"column\">\n\t\t\t<div class=\"elementor-widget-wrap elementor-element-populated\">\n\t\t\t\t\t\t<div class=\"elementor-element elementor-element-53149f72 elementor-widget elementor-widget-heading\" data-id=\"53149f72\" data-element_type=\"widget\" data-widget_type=\"heading.default\">\n\t\t\t\t<div class=\"elementor-widget-container\">\n\t\t\t<h2 class=\"elementor-heading-title elementor-size-default\">Was ist<\/h2>\t\t<\/div>\n\t\t\t\t<\/div>\n\t\t\t\t<div class=\"elementor-element elementor-element-3cbef39a elementor-widget elementor-widget-heading\" data-id=\"3cbef39a\" data-element_type=\"widget\" data-widget_type=\"heading.default\">\n\t\t\t\t<div class=\"elementor-widget-container\">\n\t\t\t<h2 class=\"elementor-heading-title elementor-size-default\">Coaching?<\/h2>\t\t<\/div>\n\t\t\t\t<\/div>\n\t\t\t\t<div class=\"elementor-element elementor-element-2cf10af7 elementor-widget elementor-widget-text-editor\" data-id=\"2cf10af7\" data-element_type=\"widget\" data-widget_type=\"text-editor.default\">\n\t\t\t\t<div class=\"elementor-widget-container\">\n\t\t\t\t\t\t\t<p>Coaching ist eine individuelle und personalisierte Begleitung einer Person oder einer Gruppe von Personen auf dem Weg zur Eigenst\u00e4ndigkeit durch einen Ver\u00e4nderungsprozess. Es handelt sich um einen Aufbau, der auf Gespr\u00e4chen und \u00dcbungen beruht. Er beruht auf einer Beziehung des Vertrauens und der Zusammenarbeit und orientiert sich an den zu Beginn festgelegten Zielen. Er soll der Person erm\u00f6glichen, sein Potenzial, sein Wissen und seine F\u00e4higkeiten zu entwickeln, um sich besser an sein pers\u00f6nliches und berufliches Umfeld anzupassen oder sich einfach besser kennen zu lernen. Fragen stellen, Verantwortung \u00fcbernehmen, interaktive \u00dcbungen und Feedback sind Mittel, die in diesem Prozess eingesetzt werden.<\/p>\n<p>Ob f\u00fcr Erwachsene oder Jugendliche, meine Sitzungen finden auf der Grundlage absoluter Vertraulichkeit statt.<\/p>\t\t\t\t\t\t<\/div>\n\t\t\t\t<\/div>\n\t\t\t\t\t<\/div>\n\t\t<\/div>\n\t\t\t\t\t<\/div>\n\t\t<\/section>\n\t\t\t\t<section class=\"elementor-section elementor-top-section elementor-element elementor-element-42ba7758 coachpress-section3 elementor-section-boxed elementor-section-height-default elementor-section-height-default\" data-id=\"42ba7758\" data-element_type=\"section\">\n\t\t\t\t\t\t<div class=\"elementor-container elementor-column-gap-default\">\n\t\t\t\t\t<div class=\"elementor-column elementor-col-33 elementor-top-column elementor-element elementor-element-4e481bd3 coachpress-section3-left\" data-id=\"4e481bd3\" data-element_type=\"column\">\n\t\t\t<div class=\"elementor-widget-wrap elementor-element-populated\">\n\t\t\t\t\t\t<div class=\"elementor-element elementor-element-2d43cccd elementor-widget elementor-widget-image\" data-id=\"2d43cccd\" data-element_type=\"widget\" data-widget_type=\"image.default\">\n\t\t\t\t<div class=\"elementor-widget-container\">\n\t\t\t\t\t\t\t\t\t\t\t\t\t<img fetchpriority=\"high\" decoding=\"async\" width=\"642\" height=\"756\" src=\"https:\/\/www.isabellenussbaum.ch\/wp-content\/uploads\/2024\/09\/isabelle-nussbaum-2.jpg\" class=\"attachment-large size-large wp-image-29130\" alt=\"\" srcset=\"https:\/\/www.isabellenussbaum.ch\/wp-content\/uploads\/2024\/09\/isabelle-nussbaum-2.jpg 642w, https:\/\/www.isabellenussbaum.ch\/wp-content\/uploads\/2024\/09\/isabelle-nussbaum-2-255x300.jpg 255w\" sizes=\"(max-width: 642px) 100vw, 642px\" \/>\t\t\t\t\t\t\t\t\t\t\t\t\t<\/div>\n\t\t\t\t<\/div>\n\t\t\t\t\t<\/div>\n\t\t<\/div>\n\t\t\t\t<div class=\"elementor-column elementor-col-33 elementor-top-column elementor-element elementor-element-5225403f coachpress-section3-mid\" data-id=\"5225403f\" data-element_type=\"column\">\n\t\t\t<div class=\"elementor-widget-wrap\">\n\t\t\t\t\t\t\t<\/div>\n\t\t<\/div>\n\t\t\t\t<div class=\"elementor-column elementor-col-33 elementor-top-column elementor-element elementor-element-539ba82e coachpress-section3-right\" data-id=\"539ba82e\" data-element_type=\"column\">\n\t\t\t<div class=\"elementor-widget-wrap elementor-element-populated\">\n\t\t\t\t\t\t<div class=\"elementor-element elementor-element-d459d90 elementor-widget elementor-widget-heading\" data-id=\"d459d90\" data-element_type=\"widget\" data-widget_type=\"heading.default\">\n\t\t\t\t<div class=\"elementor-widget-container\">\n\t\t\t<h2 class=\"elementor-heading-title elementor-size-default\">Wer ich bin?<\/h2>\t\t<\/div>\n\t\t\t\t<\/div>\n\t\t\t\t<div class=\"elementor-element elementor-element-613f1b4a elementor-widget elementor-widget-heading\" data-id=\"613f1b4a\" data-element_type=\"widget\" data-widget_type=\"heading.default\">\n\t\t\t\t<div class=\"elementor-widget-container\">\n\t\t\t<h2 class=\"elementor-heading-title elementor-size-default\">Isabelle Nussbaum<\/h2>\t\t<\/div>\n\t\t\t\t<\/div>\n\t\t\t\t<div class=\"elementor-element elementor-element-a65cb52 elementor-widget elementor-widget-text-editor\" data-id=\"a65cb52\" data-element_type=\"widget\" data-widget_type=\"text-editor.default\">\n\t\t\t\t<div class=\"elementor-widget-container\">\n\t\t\t\t\t\t\t<p>Coach f\u00fcr Pers\u00f6nlichkeitsentwicklung\/ Lebensgestaltung wie auch Karriere Coach und HR Consultant, Isabelle Nussbaum ist NLP Technikerin und diplomierter Coach. Ihre Dienstleistungen f\u00fcr Einzelpersonen erstrecken sich auf Erwachsene und Jugendliche, die ihr Potenzial, ihre F\u00e4higkeiten und ihr Verhalten weiterentwickeln oder ver\u00e4ndern m\u00f6chten.<\/p>\n<p>Mit \u00fcber 20 Jahren Erfahrung im Personalwesen, profunden Kenntnissen des schweizerischen und internationalen) Arbeitsmarkts und einem beruflichen Werdegang in verschiedenen Branchen begleitet sie Unternehmen bei ihren technischen und Managementanforderungen.<\/p>\t\t\t\t\t\t<\/div>\n\t\t\t\t<\/div>\n\t\t\t\t<div class=\"elementor-element elementor-element-7c1bb3ac elementor-mobile-align-center elementor-align-left elementor-widget elementor-widget-button\" data-id=\"7c1bb3ac\" data-element_type=\"widget\" data-widget_type=\"button.default\">\n\t\t\t\t<div class=\"elementor-widget-container\">\n\t\t\t\t\t<div class=\"elementor-button-wrapper\">\n\t\t\t<a class=\"elementor-button elementor-button-link elementor-size-sm\" href=\"https:\/\/www.isabellenussbaum.ch\/de\/about-us\/\">\n\t\t\t\t\t\t<span class=\"elementor-button-content-wrapper\">\n\t\t\t\t\t\t\t\t\t<span class=\"elementor-button-text\">Mehr<\/span>\n\t\t\t\t\t<\/span>\n\t\t\t\t\t<\/a>\n\t\t<\/div>\n\t\t\t\t<\/div>\n\t\t\t\t<\/div>\n\t\t\t\t\t<\/div>\n\t\t<\/div>\n\t\t\t\t\t<\/div>\n\t\t<\/section>\n\t\t<div class=\"elementor-element elementor-element-4d2b6e2 e-flex e-con-boxed e-con e-parent\" data-id=\"4d2b6e2\" data-element_type=\"container\" data-settings=\"{&quot;background_background&quot;:&quot;gradient&quot;}\">\n\t\t\t\t\t<div class=\"e-con-inner\">\n\t\t\t\t<div class=\"elementor-element elementor-element-b52f218 elementor-widget elementor-widget-heading\" data-id=\"b52f218\" data-element_type=\"widget\" data-widget_type=\"heading.default\">\n\t\t\t\t<div class=\"elementor-widget-container\">\n\t\t\t<h1 class=\"elementor-heading-title elementor-size-default\">Dienstleistungen<\/h1>\t\t<\/div>\n\t\t\t\t<\/div>\n\t\t\t\t<div class=\"elementor-element elementor-element-c722ff0 elementor-widget elementor-widget-text-editor\" data-id=\"c722ff0\" data-element_type=\"widget\" data-widget_type=\"text-editor.default\">\n\t\t\t\t<div class=\"elementor-widget-container\">\n\t\t\t\t\t\t\t<p>Lust, sich selbst zu entdecken? Lust auf Ver\u00e4nderungen? Ich verpflichte mich durch eine Allianz mit meinem Klienten, das Finden der in Ihnen liegenden Ressourcen und L\u00f6sungen zu f\u00f6rdern.<\/p>\t\t\t\t\t\t<\/div>\n\t\t\t\t<\/div>\n\t\t\t\t\t<\/div>\n\t\t\t\t<\/div>\n\t\t<div class=\"elementor-element elementor-element-2514468 e-flex e-con-boxed e-con e-parent\" data-id=\"2514468\" data-element_type=\"container\" data-settings=\"{&quot;background_background&quot;:&quot;gradient&quot;}\">\n\t\t\t\t\t<div class=\"e-con-inner\">\n\t\t<div class=\"elementor-element elementor-element-d98c7a1 e-con-full e-flex e-con e-child\" data-id=\"d98c7a1\" data-element_type=\"container\">\n\t\t\t\t<div class=\"elementor-element elementor-element-55af4c6 elementor-position-top elementor-widget elementor-widget-image-box\" data-id=\"55af4c6\" data-element_type=\"widget\" data-widget_type=\"image-box.default\">\n\t\t\t\t<div class=\"elementor-widget-container\">\n\t\t\t<div class=\"elementor-image-box-wrapper\"><figure class=\"elementor-image-box-img\"><a href=\"https:\/\/www.isabellenussbaum.ch\/de\/coaching-de-vie\/\" tabindex=\"-1\"><img decoding=\"async\" width=\"370\" height=\"296\" src=\"https:\/\/www.isabellenussbaum.ch\/wp-content\/uploads\/2024\/09\/coach-dev-pers.jpg\" class=\"attachment-full size-full wp-image-29143\" alt=\"\" srcset=\"https:\/\/www.isabellenussbaum.ch\/wp-content\/uploads\/2024\/09\/coach-dev-pers.jpg 370w, https:\/\/www.isabellenussbaum.ch\/wp-content\/uploads\/2024\/09\/coach-dev-pers-300x240.jpg 300w\" sizes=\"(max-width: 370px) 100vw, 370px\" \/><\/a><\/figure><div class=\"elementor-image-box-content\"><h3 class=\"elementor-image-box-title\"><a href=\"https:\/\/www.isabellenussbaum.ch\/de\/coaching-de-vie\/\">Coaching f\u00fcr die pers\u00f6nliche Entwicklung<\/a><\/h3><p class=\"elementor-image-box-description\">Ich verpflichte mich durch eine Allianz mit meinem Klienten, das Finden der in Ihnen liegenden Ressourcen und L\u00f6sungen zu f\u00f6rdern.<\/p><\/div><\/div>\t\t<\/div>\n\t\t\t\t<\/div>\n\t\t\t\t<\/div>\n\t\t<div class=\"elementor-element elementor-element-059ab6b e-con-full e-flex e-con e-child\" data-id=\"059ab6b\" data-element_type=\"container\">\n\t\t\t\t<div class=\"elementor-element elementor-element-7469865 elementor-position-top elementor-widget elementor-widget-image-box\" data-id=\"7469865\" data-element_type=\"widget\" data-widget_type=\"image-box.default\">\n\t\t\t\t<div class=\"elementor-widget-container\">\n\t\t\t<div class=\"elementor-image-box-wrapper\"><figure class=\"elementor-image-box-img\"><a href=\"https:\/\/www.isabellenussbaum.ch\/de\/coaching-en-rh\/\" tabindex=\"-1\"><img decoding=\"async\" width=\"370\" height=\"296\" src=\"https:\/\/www.isabellenussbaum.ch\/wp-content\/uploads\/2024\/09\/coaching-rh.jpg\" class=\"attachment-full size-full wp-image-29212\" alt=\"\" srcset=\"https:\/\/www.isabellenussbaum.ch\/wp-content\/uploads\/2024\/09\/coaching-rh.jpg 370w, https:\/\/www.isabellenussbaum.ch\/wp-content\/uploads\/2024\/09\/coaching-rh-300x240.jpg 300w\" sizes=\"(max-width: 370px) 100vw, 370px\" \/><\/a><\/figure><div class=\"elementor-image-box-content\"><h3 class=\"elementor-image-box-title\"><a href=\"https:\/\/www.isabellenussbaum.ch\/de\/coaching-en-rh\/\">HR-Coaching f\u00fcr Einzelpersonen<\/a><\/h3><p class=\"elementor-image-box-description\">Indem Sie Ihre F\u00e4higkeiten entwickeln und Ihre Priorit\u00e4ten kl\u00e4ren, nehmen Sie die Z\u00fcgel Ihrer beruflichen Zukunft in die Hand.<\/p><\/div><\/div>\t\t<\/div>\n\t\t\t\t<\/div>\n\t\t\t\t<\/div>\n\t\t<div class=\"elementor-element elementor-element-583a767 e-con-full e-flex e-con e-child\" data-id=\"583a767\" data-element_type=\"container\">\n\t\t\t\t<div class=\"elementor-element elementor-element-1e24490 elementor-position-top elementor-widget elementor-widget-image-box\" data-id=\"1e24490\" data-element_type=\"widget\" data-widget_type=\"image-box.default\">\n\t\t\t\t<div class=\"elementor-widget-container\">\n\t\t\t<div class=\"elementor-image-box-wrapper\"><figure class=\"elementor-image-box-img\"><a href=\"https:\/\/www.isabellenussbaum.ch\/de\/conseil-en-ressources-humaines\/\" tabindex=\"-1\"><img loading=\"lazy\" decoding=\"async\" width=\"370\" height=\"296\" src=\"https:\/\/www.isabellenussbaum.ch\/wp-content\/uploads\/2024\/09\/conseil-rh.jpg\" class=\"attachment-full size-full wp-image-29167\" alt=\"\" srcset=\"https:\/\/www.isabellenussbaum.ch\/wp-content\/uploads\/2024\/09\/conseil-rh.jpg 370w, https:\/\/www.isabellenussbaum.ch\/wp-content\/uploads\/2024\/09\/conseil-rh-300x240.jpg 300w\" sizes=\"(max-width: 370px) 100vw, 370px\" \/><\/a><\/figure><div class=\"elementor-image-box-content\"><h3 class=\"elementor-image-box-title\"><a href=\"https:\/\/www.isabellenussbaum.ch\/de\/conseil-en-ressources-humaines\/\">Coaching und Beratung im Bereich HR f\u00fcr Unternehmen<\/a><\/h3><p class=\"elementor-image-box-description\">Als HR-Spezialist begleite ich Sie in Ihrer beruflichen Entwicklung, damit Sie Ihr volles Potenzial aussch\u00f6pfen k\u00f6nnen.<\/p><\/div><\/div>\t\t<\/div>\n\t\t\t\t<\/div>\n\t\t\t\t<\/div>\n\t\t\t\t\t<\/div>\n\t\t\t\t<\/div>\n\t\t\t\t<\/div>","protected":false},"excerpt":{"rendered":"<p>Session d\u00e9couverte gratuite La session de d\u00e9couverte dure environ 30 minutes. Elle est gratuite, sans engagement et nous permet de faire connaissance ainsi que de poser le cadre du coaching et de r\u00e9pondre \u00e0 vos questions. Inscrivez-vous Qu&rsquo;est-ce que le Coaching ? Le coaching est un accompagnement individuel et personnalis\u00e9 d\u2019une personne ou d\u2019un groupe<br \/><a class=\"moretag\" href=\"https:\/\/www.isabellenussbaum.ch\/de\/\">+ Read More<\/a><\/p>","protected":false},"author":1,"featured_media":0,"parent":0,"menu_order":0,"comment_status":"closed","ping_status":"closed","template":"templates\/page-builder.php","meta":{"om_disable_all_campaigns":false,"_monsterinsights_skip_tracking":false,"_monsterinsights_sitenote_active":false,"_monsterinsights_sitenote_note":"","_monsterinsights_sitenote_category":0,"_uf_show_specific_survey":0,"_uf_disable_surveys":false,"footnotes":""},"class_list":["post-7","page","type-page","status-publish","hentry"],"aioseo_notices":[],"_links":{"self":[{"href":"https:\/\/www.isabellenussbaum.ch\/de\/wp-json\/wp\/v2\/pages\/7","targetHints":{"allow":["GET"]}}],"collection":[{"href":"https:\/\/www.isabellenussbaum.ch\/de\/wp-json\/wp\/v2\/pages"}],"about":[{"href":"https:\/\/www.isabellenussbaum.ch\/de\/wp-json\/wp\/v2\/types\/page"}],"author":[{"embeddable":true,"href":"https:\/\/www.isabellenussbaum.ch\/de\/wp-json\/wp\/v2\/users\/1"}],"replies":[{"embeddable":true,"href":"https:\/\/www.isabellenussbaum.ch\/de\/wp-json\/wp\/v2\/comments?post=7"}],"version-history":[{"count":85,"href":"https:\/\/www.isabellenussbaum.ch\/de\/wp-json\/wp\/v2\/pages\/7\/revisions"}],"predecessor-version":[{"id":29243,"href":"https:\/\/www.isabellenussbaum.ch\/de\/wp-json\/wp\/v2\/pages\/7\/revisions\/29243"}],"wp:attachment":[{"href":"https:\/\/www.isabellenussbaum.ch\/de\/wp-json\/wp\/v2\/media?parent=7"}],"curies":[{"name":"wp","href":"https:\/\/api.w.org\/{rel}","templated":true}]}}